{"id":656,"date":"2021-01-26T16:02:14","date_gmt":"2021-01-26T15:02:14","guid":{"rendered":"https:\/\/www.info-sociale.ch\/problemes-de-sante\/"},"modified":"2023-08-25T12:09:03","modified_gmt":"2023-08-25T10:09:03","slug":"acces-aux-soins-medicaux","status":"publish","type":"page","link":"https:\/\/www.info-sociale.ch\/es\/acces-aux-soins-medicaux\/","title":{"rendered":"Asistencia m\u00e9dica"},"content":{"rendered":"\n<h2 class=\"wp-block-heading\"><strong><strong>Consulta Ambulatoria M\u00f3vil de Atenci\u00f3n Comunitaria (CAMSCO)<\/strong><\/strong><\/h2>\n\n\n\n<div class=\"wp-block-columns is-layout-flex wp-container-core-columns-is-layout-9d6595d7 wp-block-columns-is-layout-flex\">\n<div class=\"wp-block-column is-layout-flow wp-block-column-is-layout-flow\">\n<h5 class=\"wp-block-heading\"><strong>La CAMSCO brinda servicios de prevenci\u00f3n, asistencia sanitaria y rehabilitaci\u00f3n a personas necesitadas en los HUG y participa en acciones de salud p\u00fablica.<\/strong><\/h5>\n\n\n\n<p><\/p>\n\n\n\n<p><strong>Requisitos de acceso :<\/strong><br>personas en situaci\u00f3n de precariedad, ya sean suizas o extranjeras. Especialmente destinado a todos los usuarios de los organismos de acogida de d\u00eda y de noche de la red de centros de lucha contra la precariedad de Ginebra, las personas sin techo, sin seguro m\u00e9dico o en situaci\u00f3n irregular.<\/p>\n<\/div>\n\n\n\n<div class=\"wp-block-column col-infos is-layout-flow wp-block-column-is-layout-flow\" style=\"flex-basis:33.33%\">\n<p><strong>Informaci\u00f3n pr\u00e1ctica : <\/strong><\/p>\n\n\n\n<p>4 rue Hugo-de-Senger<br>1205 Ginebra<br>022&nbsp;372 53 11, de lunes a viernes de 8:30 a 11:30 y de 14:00 a 16:30<\/p>\n\n\n\n<p>Consultas con cita previa (tel. <a href=\"tel:0223725500\">022 372 55 00<\/a>), excepto para solicitudes de anticonceptivos de emergencia.<\/p>\n\n\n\n<p class=\"external-link\">Las consultas m\u00e9dicas y de enfermer\u00eda de car\u00e1cter semiurgente tienen lugar en el centro de salud <a href=\"https:\/\/www.hug.ch\/medecine-premier-recours\/consultation-camsco-rdv-en-ligne\">con cita previa<\/a>, los lunes, martes, jueves y viernes de 9:40 a 12:00 y los mi\u00e9rcoles de 14:30 a 16:40.<\/p>\n\n\n\n<p>Tambi\u00e9n se ofrecen consultas sin cita previa para un n\u00famero limitado de personas los lunes, martes, jueves y viernes de 8:30 a 11:00 y los mi\u00e9rcoles de 13:30 a 16:00.<\/p>\n\n\n\n<p class=\"external-link\">Para m\u00e1s informaci\u00f3n : <a href=\"https:\/\/www.hug.ch\/medecine-premier-recours\/camsco\" target=\"_blank\" rel=\"noreferrer noopener\">p\u00e1gina web de CAMSCO<\/a><\/p>\n<\/div>\n<\/div>\n\n\n\n<div style=\"height:50px\" aria-hidden=\"true\" class=\"wp-block-spacer\"><\/div>\n\n\n\n<div class=\"wp-block-cover alignfull is-light\"><span aria-hidden=\"true\" class=\"wp-block-cover__background has-background-dim-100 has-background-dim\" style=\"background-color:#e3eff2\"><\/span><div class=\"wp-block-cover__inner-container is-layout-flow wp-block-cover-is-layout-flow\">\n<div style=\"height:50px\" aria-hidden=\"true\" class=\"wp-block-spacer\"><\/div>\n\n\n\n<h2 class=\"wp-block-heading has-text-color\" style=\"color:#009fc2\"><strong><strong>Unidad de salud sexual y planificaci\u00f3n familiar (USSPF)<\/strong><\/strong><\/h2>\n\n\n\n<div class=\"wp-block-columns is-layout-flex wp-container-core-columns-is-layout-9d6595d7 wp-block-columns-is-layout-flex\">\n<div class=\"wp-block-column is-layout-flow wp-block-column-is-layout-flow\">\n<h5 class=\"wp-block-heading has-black-color has-text-color\"><strong>La unidad responde a preguntas relacionadas con la salud sexual (sexualidad, orientaci\u00f3n sexual, problemas de relaci\u00f3n, embarazo, interrupci\u00f3n del embarazo, infecciones de transmisi\u00f3n sexual, etc.) y ofrece ayuda en caso de dificultad para acceder a m\u00e9todos anticonceptivos. Asimismo, tambi\u00e9n se presta asistencia en caso de embarazo no deseado.<\/strong><\/h5>\n\n\n\n<p class=\"has-black-color has-text-color\">Las consultas se hacen con cita previa, son gratuitas y confidenciales. Se ofrecen en varios idiomas (espa\u00f1ol, ingl\u00e9s y portugu\u00e9s) y, si fuese necesario, se puede recurrir a un int\u00e9rprete.<\/p>\n\n\n\n<p><\/p>\n\n\n\n<p class=\"has-black-color has-text-color\"><strong>Requisitos de acceso :<\/strong><br>cualquier persona independientemente de su sexo, edad, cultura, religi\u00f3n u orientaci\u00f3n sexual.<\/p>\n<\/div>\n\n\n\n<div class=\"wp-block-column col-infos is-layout-flow wp-block-column-is-layout-flow\" style=\"flex-basis:33.33%\">\n<p><strong><strong>Informaci\u00f3n pr\u00e1ctica :<\/strong><\/strong><\/p>\n\n\n\n<p>Boulevard de la Cluse 47<br>1205 Ginebra<br>022&nbsp;372 55 00<br>Lunes, mi\u00e9rcoles, jueves y viernes: 10:00 &#8211; 17:30<br>Martes: 13:00 &#8211; 17:30<\/p>\n\n\n\n<p class=\"external-link\">Para m\u00e1s informaci\u00f3n : <a href=\"https:\/\/www.hug.ch\/sante-sexuelle-planning-familial\" target=\"_blank\" rel=\"noreferrer noopener\">p\u00e1gina web de salud sexual y planificaci\u00f3n familiar<\/a><\/p>\n<\/div>\n<\/div>\n\n\n\n<div style=\"height:50px\" aria-hidden=\"true\" class=\"wp-block-spacer\"><\/div>\n<\/div><\/div>\n\n\n\n<div style=\"height:30px\" aria-hidden=\"true\" class=\"wp-block-spacer\"><\/div>\n\n\n\n<div style=\"height:50px\" aria-hidden=\"true\" class=\"wp-block-spacer\"><\/div>\n\n\n\n<h2 class=\"wp-block-heading\"><strong><strong>Unidad interdisciplinaria de medicina y prevenci\u00f3n de la violencia (UIMPV)<\/strong><\/strong><\/h2>\n\n\n\n<div class=\"wp-block-columns is-layout-flex wp-container-core-columns-is-layout-9d6595d7 wp-block-columns-is-layout-flex\">\n<div class=\"wp-block-column is-layout-flow wp-block-column-is-layout-flow\">\n<h5 class=\"wp-block-heading\"><strong>La UIMPV act\u00faa con la m\u00e1s estricta confidencialidad a petici\u00f3n de cualquier persona expuesta a cualquier tipo de violencia, ya sea conyugal, en la calle, en el trabajo o de tipo institucional. Asimismo, interviene en loa casos de trata, discriminaci\u00f3n, persecuci\u00f3n, etc. <\/strong><\/h5>\n\n\n\n<p><\/p>\n\n\n\n<p><strong>Requisitos de acceso :<br><\/strong>toda persona de 16 a\u00f1os o m\u00e1s que est\u00e9 expuesta o haya estado expuesta a una situaci\u00f3n de violencia intencionada, independientemente de su funci\u00f3n, del tipo de violencia, el contexto, el lugar, la situaci\u00f3n jur\u00eddica de la persona o su idioma (servicio de interpretaci\u00f3n disponible).<\/p>\n<\/div>\n\n\n\n<div class=\"wp-block-column col-infos is-layout-flow wp-block-column-is-layout-flow\" style=\"flex-basis:33.33%\">\n<p><strong>Informaci\u00f3n pr\u00e1ctica : <\/strong><\/p>\n\n\n\n<p>Boulevard de la Cluse 75<br>2\u00ba piso, <br>1205 Ginebra<br>Tel\u00e9fono : <a href=\"tel:0223729641\">022&nbsp;372 96 41<\/a><\/p>\n\n\n\n<p>De lunes a viernes de 9:00 a 12:00 y de 14:00 a 17:00.<br><a href=\"mailto:uimpv.violences@hcuge.ch\">uimpv.violences@hcuge.ch<\/a><\/p>\n\n\n\n<p class=\"external-link\">Para m\u00e1s informaci\u00f3n :  <a href=\"http:\/\/hug.plus\/uimpv\" target=\"_blank\" rel=\"noreferrer noopener\">p\u00e1gina web de la UIMPV<\/a><\/p>\n<\/div>\n<\/div>\n\n\n\n<div style=\"height:50px\" aria-hidden=\"true\" class=\"wp-block-spacer\"><\/div>\n\n\n\n<div class=\"wp-block-cover alignfull is-light\"><span aria-hidden=\"true\" class=\"wp-block-cover__background has-background-dim-100 has-background-dim\" style=\"background-color:#e3eff2\"><\/span><div class=\"wp-block-cover__inner-container is-layout-flow wp-block-cover-is-layout-flow\">\n<div style=\"height:50px\" aria-hidden=\"true\" class=\"wp-block-spacer\"><\/div>\n\n\n\n<h2 class=\"wp-block-heading has-text-color\" style=\"color:#009fc2\"><strong><strong><strong>Le Point d&#8217;Eau<\/strong><\/strong><\/strong><\/h2>\n\n\n\n<div class=\"wp-block-columns is-layout-flex wp-container-core-columns-is-layout-9d6595d7 wp-block-columns-is-layout-flex\">\n<div class=\"wp-block-column is-layout-flow wp-block-column-is-layout-flow\">\n<h5 class=\"wp-block-heading has-black-color has-text-color\"><strong>El Point d\u2019Eau (Carrefour-Rue) presta asistencia a personas en situaci\u00f3n de dificultad social y les permite cuidar su salud (dentista, pod\u00f3logo), su higiene corporal (ducha, afeitado, peluquer\u00eda) y su indumentaria (ropa, lavander\u00eda y detergente a disposici\u00f3n).<\/strong><\/h5>\n\n\n\n<p><\/p>\n\n\n\n<p class=\"has-black-color has-text-color\"><strong>Requisitos de acceso :<\/strong><br>no se exige cumplir ning\u00fan requisito. Informaci\u00f3n y citas : presencial.<\/p>\n<\/div>\n\n\n\n<div class=\"wp-block-column col-infos is-layout-flow wp-block-column-is-layout-flow\" style=\"flex-basis:33.33%\">\n<p><strong><strong>Informaci\u00f3n pr\u00e1ctica :<\/strong><\/strong><\/p>\n\n\n\n<p>21, Rue Vermont<br>1202 Ginebra<br>Tel\u00e9fono : <a href=\"tel:022&nbsp;734 67 60\">022&nbsp;734 67 60<\/a><\/p>\n\n\n\n<p>Abierto de lunes a viernes, de 8:30 a 11:30 y de 13:30 a 16:00.<\/p>\n\n\n\n<p class=\"external-link\">Para m\u00e1s informaci\u00f3n : <a href=\"https:\/\/carrefour-rue.ch\/\">p\u00e1gina web de Carrefour-Rue<\/a><\/p>\n<\/div>\n<\/div>\n\n\n\n<div style=\"height:50px\" aria-hidden=\"true\" class=\"wp-block-spacer\"><\/div>\n<\/div><\/div>\n\n\n\n<div style=\"height:50px\" aria-hidden=\"true\" class=\"wp-block-spacer\"><\/div>\n\n\n\n<h2 class=\"wp-block-heading\"><strong>Groupe sant\u00e9 Gen\u00e8ve<\/strong><\/h2>\n\n\n\n<div class=\"wp-block-columns is-layout-flex wp-container-core-columns-is-layout-9d6595d7 wp-block-columns-is-layout-flex\">\n<div class=\"wp-block-column is-layout-flow wp-block-column-is-layout-flow\" style=\"flex-basis:66.66%\">\n<h5 class=\"wp-block-heading\"><strong>Groupe sant\u00e9 Gen\u00e8ve ofrece asesoramiento para la prevenci\u00f3n del VIH y de enfermedades de transmisi\u00f3n sexual (ETS), detecci\u00f3n y diagn\u00f3stico de enfermedades, y consultas de medicina y psicolog\u00eda para poblaci\u00f3n en situaci\u00f3n de vulnerabilidad o precariedad. En caso de que los usuarios tengan dificultades para acceder a los servicios de atenci\u00f3n m\u00e9dica, pueden recurrir al servicio sociojur\u00eddico para que les oriente.<\/strong><\/h5>\n\n\n\n<p><\/p>\n\n\n\n<p><strong>Requisitos de acceso :<\/strong><br>todas las personas que se encuentran con dificultades para acceder a los servicios de atenci\u00f3n m\u00e9dica o prefieren dirigirse a una estructura comunitaria.<\/p>\n<\/div>\n\n\n\n<div class=\"wp-block-column col-infos is-layout-flow wp-block-column-is-layout-flow\" style=\"flex-basis:33.33%\">\n<p><strong><strong>Informaci\u00f3n pr\u00e1ctica :<\/strong><\/strong><\/p>\n\n\n\n<p>9, rue du Grand-Pr\u00e9, <br>1.<sup>a<\/sup> planta<br>1202 Ginebra<br>Tel\u00e9fono : <a href=\"tel:022 700 15 00\">022 700 15 00<\/a><\/p>\n\n\n\n<p>L\u00ednea de atenci\u00f3n telef\u00f3nica VIH\/sida: <a href=\"tel:0840715715\">0840 715 715<\/a>, de lunes a jueves de 9:00 a 16:00.<\/p>\n\n\n\n<p>Para m\u00e1s informaci\u00f3n : <a href=\"https:\/\/groupesantegeneve.ch\/\">p\u00e1gina web de Groupe sant\u00e9 Gen\u00e8ve<\/a><\/p>\n<\/div>\n<\/div>\n\n\n\n<div style=\"height:50px\" aria-hidden=\"true\" class=\"wp-block-spacer\"><\/div>\n\n\n\n<div class=\"wp-block-cover alignfull is-light\"><span aria-hidden=\"true\" class=\"wp-block-cover__background has-background-dim-100 has-background-dim\" style=\"background-color:#e3eff2\"><\/span><div class=\"wp-block-cover__inner-container is-layout-flow wp-block-cover-is-layout-flow\">\n<div style=\"height:50px\" aria-hidden=\"true\" class=\"wp-block-spacer\"><\/div>\n\n\n\n<h2 class=\"wp-block-heading has-text-color\" style=\"color:#009fc2\"><strong><strong><strong><strong>La Main Tendue<\/strong><\/strong><\/strong><\/strong><\/h2>\n\n\n\n<div class=\"wp-block-columns is-layout-flex wp-container-core-columns-is-layout-9d6595d7 wp-block-columns-is-layout-flex\">\n<div class=\"wp-block-column is-layout-flow wp-block-column-is-layout-flow\">\n<h5 class=\"wp-block-heading has-black-color has-text-color\"><strong><strong>Servicio de atenci\u00f3n telef\u00f3nica, por Internet y por chat.&nbsp;La Main Tendue est\u00e1 disponible 24&nbsp;h al d\u00eda para las personas que necesitan una entrevista de ayuda o apoyo. Una entrevista de este tipo puede contribuir a prevenir dificultades cr\u00f3nicas, romper el aislamiento, encontrar recursos personales o derivar a los usuarios a servicios especializados.<\/strong><\/strong><\/h5>\n\n\n\n<p><\/p>\n\n\n\n<p class=\"has-black-color has-text-color\"><strong>Requisitos de acceso :<\/strong><br>cualquier persona que necesite ayuda o apoyo. La ayuda se presta de forma an\u00f3nima y permanente.<\/p>\n<\/div>\n\n\n\n<div class=\"wp-block-column col-infos is-layout-flow wp-block-column-is-layout-flow\" style=\"flex-basis:33.33%\">\n<p><strong><strong>Informaci\u00f3n pr\u00e1ctica :<\/strong><\/strong><\/p>\n\n\n\n<p>N\u00famero de emergencia : 143<\/p>\n\n\n\n<p>Para m\u00e1s informaci\u00f3n :<a href=\"https:\/\/carrefour-rue.ch\/\"> <\/a><a href=\"https:\/\/geneve.143.ch\/\"><\/a><a href=\"https:\/\/geneve.143.ch\/\">p\u00e1gina web de La Main Tendue<\/a><\/p>\n<\/div>\n<\/div>\n\n\n\n<div style=\"height:50px\" aria-hidden=\"true\" class=\"wp-block-spacer\"><\/div>\n<\/div><\/div>\n","protected":false},"excerpt":{"rendered":"<p>Consulta Ambulatoria M\u00f3vil de Atenci\u00f3n Comunitaria (CAMSCO) La CAMSCO brinda servicios de prevenci\u00f3n, asistencia sanitaria y rehabilitaci\u00f3n a personas necesitadas en los HUG y participa en acciones de salud p\u00fablica. Requisitos de acceso :personas en situaci\u00f3n de precariedad, ya sean suizas o extranjeras. Especialmente destinado a todos los usuarios de los organismos de acogida de [&hellip;]<\/p>\n","protected":false},"author":1,"featured_media":0,"parent":0,"menu_order":0,"comment_status":"closed","ping_status":"closed","template":"","meta":{"_acf_changed":false,"inline_featured_image":false,"footnotes":""},"class_list":["post-656","page","type-page","status-publish","hentry"],"acf":[],"yoast_head":"<!-- This site is optimized with the Yoast SEO plugin v26.7 - https:\/\/yoast.com\/wordpress\/plugins\/seo\/ -->\n<title>Asistencia m\u00e9dica - BIS<\/title>\n<meta name=\"robots\" content=\"index, follow, max-snippet:-1, max-image-preview:large, max-video-preview:-1\" \/>\n<link rel=\"canonical\" href=\"https:\/\/www.info-sociale.ch\/es\/acces-aux-soins-medicaux\/\" \/>\n<meta property=\"og:locale\" content=\"es_ES\" \/>\n<meta property=\"og:type\" content=\"article\" \/>\n<meta property=\"og:title\" content=\"Asistencia m\u00e9dica - BIS\" \/>\n<meta property=\"og:description\" content=\"Consulta Ambulatoria M\u00f3vil de Atenci\u00f3n Comunitaria (CAMSCO) La CAMSCO brinda servicios de prevenci\u00f3n, asistencia sanitaria y rehabilitaci\u00f3n a personas necesitadas en los HUG y participa en acciones de salud p\u00fablica. Requisitos de acceso :personas en situaci\u00f3n de precariedad, ya sean suizas o extranjeras. Especialmente destinado a todos los usuarios de los organismos de acogida de [&hellip;]\" \/>\n<meta property=\"og:url\" content=\"https:\/\/www.info-sociale.ch\/es\/acces-aux-soins-medicaux\/\" \/>\n<meta property=\"og:site_name\" content=\"BIS\" \/>\n<meta property=\"article:modified_time\" content=\"2023-08-25T10:09:03+00:00\" \/>\n<meta property=\"og:image\" content=\"https:\/\/www.info-sociale.ch\/wp-content\/uploads\/2021\/02\/logo-bis-ver-facebook-1.png\" \/>\n\t<meta property=\"og:image:width\" content=\"1779\" \/>\n\t<meta property=\"og:image:height\" content=\"869\" \/>\n\t<meta property=\"og:image:type\" content=\"image\/png\" \/>\n<meta name=\"twitter:card\" content=\"summary_large_image\" \/>\n<meta name=\"twitter:label1\" content=\"Tiempo de lectura\" \/>\n\t<meta name=\"twitter:data1\" content=\"4 minutos\" \/>\n<script type=\"application\/ld+json\" class=\"yoast-schema-graph\">{\"@context\":\"https:\/\/schema.org\",\"@graph\":[{\"@type\":\"WebPage\",\"@id\":\"https:\/\/www.info-sociale.ch\/es\/acces-aux-soins-medicaux\/\",\"url\":\"https:\/\/www.info-sociale.ch\/es\/acces-aux-soins-medicaux\/\",\"name\":\"Asistencia m\u00e9dica - BIS\",\"isPartOf\":{\"@id\":\"https:\/\/www.info-sociale.ch\/#website\"},\"datePublished\":\"2021-01-26T15:02:14+00:00\",\"dateModified\":\"2023-08-25T10:09:03+00:00\",\"breadcrumb\":{\"@id\":\"https:\/\/www.info-sociale.ch\/es\/acces-aux-soins-medicaux\/#breadcrumb\"},\"inLanguage\":\"es\",\"potentialAction\":[{\"@type\":\"ReadAction\",\"target\":[\"https:\/\/www.info-sociale.ch\/es\/acces-aux-soins-medicaux\/\"]}]},{\"@type\":\"BreadcrumbList\",\"@id\":\"https:\/\/www.info-sociale.ch\/es\/acces-aux-soins-medicaux\/#breadcrumb\",\"itemListElement\":[{\"@type\":\"ListItem\",\"position\":1,\"name\":\"Home\",\"item\":\"https:\/\/www.info-sociale.ch\/es\/\"},{\"@type\":\"ListItem\",\"position\":2,\"name\":\"Asistencia m\u00e9dica\"}]},{\"@type\":\"WebSite\",\"@id\":\"https:\/\/www.info-sociale.ch\/#website\",\"url\":\"https:\/\/www.info-sociale.ch\/\",\"name\":\"BIS\",\"description\":\"Bureau d&#039;information sociale\",\"publisher\":{\"@id\":\"https:\/\/www.info-sociale.ch\/#organization\"},\"potentialAction\":[{\"@type\":\"SearchAction\",\"target\":{\"@type\":\"EntryPoint\",\"urlTemplate\":\"https:\/\/www.info-sociale.ch\/?s={search_term_string}\"},\"query-input\":{\"@type\":\"PropertyValueSpecification\",\"valueRequired\":true,\"valueName\":\"search_term_string\"}}],\"inLanguage\":\"es\"},{\"@type\":\"Organization\",\"@id\":\"https:\/\/www.info-sociale.ch\/#organization\",\"name\":\"BIS\",\"url\":\"https:\/\/www.info-sociale.ch\/\",\"logo\":{\"@type\":\"ImageObject\",\"inLanguage\":\"es\",\"@id\":\"https:\/\/www.info-sociale.ch\/#\/schema\/logo\/image\/\",\"url\":\"https:\/\/www.info-sociale.ch\/wp-content\/uploads\/2021\/01\/logo-bis-ver-1.svg\",\"contentUrl\":\"https:\/\/www.info-sociale.ch\/wp-content\/uploads\/2021\/01\/logo-bis-ver-1.svg\",\"caption\":\"BIS\"},\"image\":{\"@id\":\"https:\/\/www.info-sociale.ch\/#\/schema\/logo\/image\/\"}}]}<\/script>\n<!-- \/ Yoast SEO plugin. -->","yoast_head_json":{"title":"Asistencia m\u00e9dica - BIS","robots":{"index":"index","follow":"follow","max-snippet":"max-snippet:-1","max-image-preview":"max-image-preview:large","max-video-preview":"max-video-preview:-1"},"canonical":"https:\/\/www.info-sociale.ch\/es\/acces-aux-soins-medicaux\/","og_locale":"es_ES","og_type":"article","og_title":"Asistencia m\u00e9dica - BIS","og_description":"Consulta Ambulatoria M\u00f3vil de Atenci\u00f3n Comunitaria (CAMSCO) La CAMSCO brinda servicios de prevenci\u00f3n, asistencia sanitaria y rehabilitaci\u00f3n a personas necesitadas en los HUG y participa en acciones de salud p\u00fablica. Requisitos de acceso :personas en situaci\u00f3n de precariedad, ya sean suizas o extranjeras. Especialmente destinado a todos los usuarios de los organismos de acogida de [&hellip;]","og_url":"https:\/\/www.info-sociale.ch\/es\/acces-aux-soins-medicaux\/","og_site_name":"BIS","article_modified_time":"2023-08-25T10:09:03+00:00","og_image":[{"width":1779,"height":869,"url":"https:\/\/www.info-sociale.ch\/wp-content\/uploads\/2021\/02\/logo-bis-ver-facebook-1.png","type":"image\/png"}],"twitter_card":"summary_large_image","twitter_misc":{"Tiempo de lectura":"4 minutos"},"schema":{"@context":"https:\/\/schema.org","@graph":[{"@type":"WebPage","@id":"https:\/\/www.info-sociale.ch\/es\/acces-aux-soins-medicaux\/","url":"https:\/\/www.info-sociale.ch\/es\/acces-aux-soins-medicaux\/","name":"Asistencia m\u00e9dica - BIS","isPartOf":{"@id":"https:\/\/www.info-sociale.ch\/#website"},"datePublished":"2021-01-26T15:02:14+00:00","dateModified":"2023-08-25T10:09:03+00:00","breadcrumb":{"@id":"https:\/\/www.info-sociale.ch\/es\/acces-aux-soins-medicaux\/#breadcrumb"},"inLanguage":"es","potentialAction":[{"@type":"ReadAction","target":["https:\/\/www.info-sociale.ch\/es\/acces-aux-soins-medicaux\/"]}]},{"@type":"BreadcrumbList","@id":"https:\/\/www.info-sociale.ch\/es\/acces-aux-soins-medicaux\/#breadcrumb","itemListElement":[{"@type":"ListItem","position":1,"name":"Home","item":"https:\/\/www.info-sociale.ch\/es\/"},{"@type":"ListItem","position":2,"name":"Asistencia m\u00e9dica"}]},{"@type":"WebSite","@id":"https:\/\/www.info-sociale.ch\/#website","url":"https:\/\/www.info-sociale.ch\/","name":"BIS","description":"Bureau d&#039;information sociale","publisher":{"@id":"https:\/\/www.info-sociale.ch\/#organization"},"potentialAction":[{"@type":"SearchAction","target":{"@type":"EntryPoint","urlTemplate":"https:\/\/www.info-sociale.ch\/?s={search_term_string}"},"query-input":{"@type":"PropertyValueSpecification","valueRequired":true,"valueName":"search_term_string"}}],"inLanguage":"es"},{"@type":"Organization","@id":"https:\/\/www.info-sociale.ch\/#organization","name":"BIS","url":"https:\/\/www.info-sociale.ch\/","logo":{"@type":"ImageObject","inLanguage":"es","@id":"https:\/\/www.info-sociale.ch\/#\/schema\/logo\/image\/","url":"https:\/\/www.info-sociale.ch\/wp-content\/uploads\/2021\/01\/logo-bis-ver-1.svg","contentUrl":"https:\/\/www.info-sociale.ch\/wp-content\/uploads\/2021\/01\/logo-bis-ver-1.svg","caption":"BIS"},"image":{"@id":"https:\/\/www.info-sociale.ch\/#\/schema\/logo\/image\/"}}]}},"_links":{"self":[{"href":"https:\/\/www.info-sociale.ch\/es\/wp-json\/wp\/v2\/pages\/656","targetHints":{"allow":["GET"]}}],"collection":[{"href":"https:\/\/www.info-sociale.ch\/es\/wp-json\/wp\/v2\/pages"}],"about":[{"href":"https:\/\/www.info-sociale.ch\/es\/wp-json\/wp\/v2\/types\/page"}],"author":[{"embeddable":true,"href":"https:\/\/www.info-sociale.ch\/es\/wp-json\/wp\/v2\/users\/1"}],"replies":[{"embeddable":true,"href":"https:\/\/www.info-sociale.ch\/es\/wp-json\/wp\/v2\/comments?post=656"}],"version-history":[{"count":48,"href":"https:\/\/www.info-sociale.ch\/es\/wp-json\/wp\/v2\/pages\/656\/revisions"}],"predecessor-version":[{"id":2662,"href":"https:\/\/www.info-sociale.ch\/es\/wp-json\/wp\/v2\/pages\/656\/revisions\/2662"}],"wp:attachment":[{"href":"https:\/\/www.info-sociale.ch\/es\/wp-json\/wp\/v2\/media?parent=656"}],"curies":[{"name":"wp","href":"https:\/\/api.w.org\/{rel}","templated":true}]}}