{"id":642,"date":"2021-01-26T12:17:30","date_gmt":"2021-01-26T11:17:30","guid":{"rendered":"https:\/\/www.info-sociale.ch\/presentation\/"},"modified":"2023-12-22T08:55:22","modified_gmt":"2023-12-22T07:55:22","slug":"presentation","status":"publish","type":"page","link":"https:\/\/www.info-sociale.ch\/es\/presentation\/","title":{"rendered":"Presentaci\u00f3n"},"content":{"rendered":"\n<h2 class=\"wp-block-heading\"><strong><strong><strong>\u00bfQu\u00e9 es la Oficina de informaci\u00f3n social (BIS)?<\/strong><\/strong><\/strong><\/h2>\n\n\n\n<div class=\"wp-block-columns is-layout-flex wp-container-core-columns-is-layout-9d6595d7 wp-block-columns-is-layout-flex\">\n<div class=\"wp-block-column is-layout-flow wp-block-column-is-layout-flow\">\n<p>Un servicio de atenci\u00f3n gratuito y sin cita previa para prestar ayuda a las personas con una situaci\u00f3n financiera, social o psicol\u00f3gica dif\u00edcil.<\/p>\n\n\n\n<p>Asistencia directa de profesionales (trabajadores y trabajadoras sociales, psic\u00f3logas y psic\u00f3logos, juristas o otros trabajadores y trabajadoras especializados) que facilitan informaci\u00f3n e identifican las ayudas a las que pueden acceder las personas vulnerables y las remiten a las oficinas competentes manteniendo la m\u00e1s estricta confidencialidad.<\/p>\n\n\n\n<p>Informaci\u00f3n y asesoramiento sobre una serie de temas relacionados con su d\u00eda a d\u00eda: problemas financieros y de deudas, problemas de vivienda, problemas de salud, etc.<\/p>\n\n\n\n<p class=\"has-medium-font-size\"><a href=\"#atencion\"><\/a><a href=\"#servicios\"><strong>Ejemplos de servicios disponibles en la Oficina de informaci\u00f3n social.<\/strong><\/a><\/p>\n<\/div>\n<\/div>\n\n\n\n<div class=\"wp-block-cover alignfull is-light\" style=\"min-height:50px;aspect-ratio:unset;\" id=\"pourqui\"><span aria-hidden=\"true\" class=\"wp-block-cover__background has-background-dim-100 has-background-dim\" style=\"background-color:#e3f1e2\"><\/span><div class=\"wp-block-cover__inner-container is-layout-flow wp-block-cover-is-layout-flow\">\n<div style=\"height:50px\" aria-hidden=\"true\" class=\"wp-block-spacer\"><\/div>\n\n\n\n<h2 class=\"wp-block-heading has-black-color has-text-color\"><strong>\u00bfA qui\u00e9n est\u00e1 destinada la BIS?<\/strong><\/h2>\n\n\n\n<div class=\"wp-block-columns is-layout-flex wp-container-core-columns-is-layout-9d6595d7 wp-block-columns-is-layout-flex\">\n<div class=\"wp-block-column is-layout-flow wp-block-column-is-layout-flow\">\n<p class=\"has-black-color has-text-color\">A todos los habitantes del cant\u00f3n de Ginebra, independientemente de su situaci\u00f3n jur\u00eddica o de su domicilio dentro del cant\u00f3n.<\/p>\n<\/div>\n<\/div>\n<\/div><\/div>\n\n\n\n<div style=\"height:50px\" aria-hidden=\"true\" class=\"wp-block-spacer\"><\/div>\n\n\n\n<div class=\"wp-block-columns is-layout-flex wp-container-core-columns-is-layout-9d6595d7 wp-block-columns-is-layout-flex\">\n<div class=\"wp-block-column is-layout-flow wp-block-column-is-layout-flow\">\n<h2 class=\"wp-block-heading has-black-color has-text-color\"><strong><strong>\u00bfCu\u00e1ndo&nbsp;se puede acceder a la BIS?<\/strong><\/strong><\/h2>\n\n\n\n<p>Todos los martes de 10:00 a 13:00 y todos los jueves de 15:00 a 18:00.<br>Entrada libre y sin cita previa.<\/p>\n<\/div>\n\n\n\n<div class=\"wp-block-column is-layout-flow wp-block-column-is-layout-flow\">\n<h2 class=\"wp-block-heading container has-black-color has-text-color\"><strong><strong>\u00bfD\u00f3nde est\u00e1 la BIS?<\/strong><\/strong><\/h2>\n\n\n\n<p class=\"has-text-align-left has-black-color has-text-color\"><\/p>\n\n\n\n<div class=\"wp-block-buttons is-layout-flex wp-block-buttons-is-layout-flex\">\n<div class=\"wp-block-button\"><a class=\"wp-block-button__link wp-element-button\" href=\"https:\/\/www.info-sociale.ch\/es\/contact\/\">Encu\u00e9ntrenos<\/a><\/div>\n<\/div>\n\n\n\n<p class=\"has-text-align-left has-black-color has-text-color\"><br><\/p>\n<\/div>\n<\/div>\n\n\n\n<div class=\"wp-block-cover alignfull is-light\" id=\"prestations\"><span aria-hidden=\"true\" class=\"wp-block-cover__background has-background-dim-100 has-background-dim\" style=\"background-color:#e3f1e2\"><\/span><div class=\"wp-block-cover__inner-container is-layout-flow wp-block-cover-is-layout-flow\">\n<div style=\"height:50px\" aria-hidden=\"true\" class=\"wp-block-spacer\"><\/div>\n\n\n\n<h2 class=\"wp-block-heading has-black-color has-text-color\"><strong>\u00bfQu\u00e9 servicios est\u00e1n disponibles en la BIS?<\/strong><\/h2>\n\n\n\n<p class=\"has-black-color has-text-color\">Algunos ejemplos:<\/p>\n\n\n\n<ul id=\"servicios\" class=\"has-black-color has-text-color wp-block-list\">\n<li>Evaluaci\u00f3n r\u00e1pida de su situaci\u00f3n personal<\/li>\n\n\n\n<li>Identificaci\u00f3n de las prestaciones sociales a las que podr\u00eda optar<\/li>\n\n\n\n<li>Remisi\u00f3n a las oficinas estatales que conceden dichas ayudas sociales<\/li>\n\n\n\n<li>Informaci\u00f3n sobre ayudas existentes<\/li>\n\n\n\n<li>An\u00e1lisis previo para crear un expediente<\/li>\n\n\n\n<li>Asesoramiento jur\u00eddico e informaci\u00f3n en materia de derechos de los inquilinos<\/li>\n\n\n\n<li>Apoyo, asistencia y asesoramiento psicol\u00f3gico<\/li>\n<\/ul>\n\n\n\n<p class=\"has-black-color has-text-color\">Las personas que lo deseen, previo consentimiento por su parte, podr\u00e1n autorizar a que se acceda a sus datos personales para garantizar un mejor seguimiento de su situaci\u00f3n personal y estudiar la posibilidad de solicitar una ayuda.<\/p>\n\n\n\n<div style=\"height:50px\" aria-hidden=\"true\" class=\"wp-block-spacer\"><\/div>\n<\/div><\/div>\n\n\n\n<div style=\"height:50px\" aria-hidden=\"true\" class=\"wp-block-spacer\"><\/div>\n","protected":false},"excerpt":{"rendered":"<p>\u00bfQu\u00e9 es la Oficina de informaci\u00f3n social (BIS)? Un servicio de atenci\u00f3n gratuito y sin cita previa para prestar ayuda a las personas con una situaci\u00f3n financiera, social o psicol\u00f3gica dif\u00edcil. Asistencia directa de profesionales (trabajadores y trabajadoras sociales, psic\u00f3logas y psic\u00f3logos, juristas o otros trabajadores y trabajadoras especializados) que facilitan informaci\u00f3n e identifican las [&hellip;]<\/p>\n","protected":false},"author":1,"featured_media":0,"parent":0,"menu_order":0,"comment_status":"closed","ping_status":"closed","template":"","meta":{"_acf_changed":false,"inline_featured_image":false,"footnotes":""},"class_list":["post-642","page","type-page","status-publish","hentry"],"acf":[],"yoast_head":"<!-- This site is optimized with the Yoast SEO plugin v26.7 - https:\/\/yoast.com\/wordpress\/plugins\/seo\/ -->\n<title>Presentaci\u00f3n - BIS<\/title>\n<meta name=\"robots\" content=\"index, follow, max-snippet:-1, max-image-preview:large, max-video-preview:-1\" \/>\n<link rel=\"canonical\" href=\"https:\/\/www.info-sociale.ch\/es\/presentation\/\" \/>\n<meta property=\"og:locale\" content=\"es_ES\" \/>\n<meta property=\"og:type\" content=\"article\" \/>\n<meta property=\"og:title\" content=\"Presentaci\u00f3n - BIS\" \/>\n<meta property=\"og:description\" content=\"\u00bfQu\u00e9 es la Oficina de informaci\u00f3n social (BIS)? Un servicio de atenci\u00f3n gratuito y sin cita previa para prestar ayuda a las personas con una situaci\u00f3n financiera, social o psicol\u00f3gica dif\u00edcil. Asistencia directa de profesionales (trabajadores y trabajadoras sociales, psic\u00f3logas y psic\u00f3logos, juristas o otros trabajadores y trabajadoras especializados) que facilitan informaci\u00f3n e identifican las [&hellip;]\" \/>\n<meta property=\"og:url\" content=\"https:\/\/www.info-sociale.ch\/es\/presentation\/\" \/>\n<meta property=\"og:site_name\" content=\"BIS\" \/>\n<meta property=\"article:modified_time\" content=\"2023-12-22T07:55:22+00:00\" \/>\n<meta property=\"og:image\" content=\"https:\/\/www.info-sociale.ch\/wp-content\/uploads\/2021\/02\/logo-bis-ver-facebook-1.png\" \/>\n\t<meta property=\"og:image:width\" content=\"1779\" \/>\n\t<meta property=\"og:image:height\" content=\"869\" \/>\n\t<meta property=\"og:image:type\" content=\"image\/png\" \/>\n<meta name=\"twitter:card\" content=\"summary_large_image\" \/>\n<meta name=\"twitter:label1\" content=\"Tiempo de lectura\" \/>\n\t<meta name=\"twitter:data1\" content=\"2 minutos\" \/>\n<script type=\"application\/ld+json\" class=\"yoast-schema-graph\">{\"@context\":\"https:\/\/schema.org\",\"@graph\":[{\"@type\":\"WebPage\",\"@id\":\"https:\/\/www.info-sociale.ch\/es\/presentation\/\",\"url\":\"https:\/\/www.info-sociale.ch\/es\/presentation\/\",\"name\":\"Presentaci\u00f3n - BIS\",\"isPartOf\":{\"@id\":\"https:\/\/www.info-sociale.ch\/#website\"},\"datePublished\":\"2021-01-26T11:17:30+00:00\",\"dateModified\":\"2023-12-22T07:55:22+00:00\",\"breadcrumb\":{\"@id\":\"https:\/\/www.info-sociale.ch\/es\/presentation\/#breadcrumb\"},\"inLanguage\":\"es\",\"potentialAction\":[{\"@type\":\"ReadAction\",\"target\":[\"https:\/\/www.info-sociale.ch\/es\/presentation\/\"]}]},{\"@type\":\"BreadcrumbList\",\"@id\":\"https:\/\/www.info-sociale.ch\/es\/presentation\/#breadcrumb\",\"itemListElement\":[{\"@type\":\"ListItem\",\"position\":1,\"name\":\"Home\",\"item\":\"https:\/\/www.info-sociale.ch\/es\/\"},{\"@type\":\"ListItem\",\"position\":2,\"name\":\"Presentaci\u00f3n\"}]},{\"@type\":\"WebSite\",\"@id\":\"https:\/\/www.info-sociale.ch\/#website\",\"url\":\"https:\/\/www.info-sociale.ch\/\",\"name\":\"BIS\",\"description\":\"Bureau d&#039;information sociale\",\"publisher\":{\"@id\":\"https:\/\/www.info-sociale.ch\/#organization\"},\"potentialAction\":[{\"@type\":\"SearchAction\",\"target\":{\"@type\":\"EntryPoint\",\"urlTemplate\":\"https:\/\/www.info-sociale.ch\/?s={search_term_string}\"},\"query-input\":{\"@type\":\"PropertyValueSpecification\",\"valueRequired\":true,\"valueName\":\"search_term_string\"}}],\"inLanguage\":\"es\"},{\"@type\":\"Organization\",\"@id\":\"https:\/\/www.info-sociale.ch\/#organization\",\"name\":\"BIS\",\"url\":\"https:\/\/www.info-sociale.ch\/\",\"logo\":{\"@type\":\"ImageObject\",\"inLanguage\":\"es\",\"@id\":\"https:\/\/www.info-sociale.ch\/#\/schema\/logo\/image\/\",\"url\":\"https:\/\/www.info-sociale.ch\/wp-content\/uploads\/2021\/01\/logo-bis-ver-1.svg\",\"contentUrl\":\"https:\/\/www.info-sociale.ch\/wp-content\/uploads\/2021\/01\/logo-bis-ver-1.svg\",\"caption\":\"BIS\"},\"image\":{\"@id\":\"https:\/\/www.info-sociale.ch\/#\/schema\/logo\/image\/\"}}]}<\/script>\n<!-- \/ Yoast SEO plugin. -->","yoast_head_json":{"title":"Presentaci\u00f3n - BIS","robots":{"index":"index","follow":"follow","max-snippet":"max-snippet:-1","max-image-preview":"max-image-preview:large","max-video-preview":"max-video-preview:-1"},"canonical":"https:\/\/www.info-sociale.ch\/es\/presentation\/","og_locale":"es_ES","og_type":"article","og_title":"Presentaci\u00f3n - BIS","og_description":"\u00bfQu\u00e9 es la Oficina de informaci\u00f3n social (BIS)? Un servicio de atenci\u00f3n gratuito y sin cita previa para prestar ayuda a las personas con una situaci\u00f3n financiera, social o psicol\u00f3gica dif\u00edcil. Asistencia directa de profesionales (trabajadores y trabajadoras sociales, psic\u00f3logas y psic\u00f3logos, juristas o otros trabajadores y trabajadoras especializados) que facilitan informaci\u00f3n e identifican las [&hellip;]","og_url":"https:\/\/www.info-sociale.ch\/es\/presentation\/","og_site_name":"BIS","article_modified_time":"2023-12-22T07:55:22+00:00","og_image":[{"width":1779,"height":869,"url":"https:\/\/www.info-sociale.ch\/wp-content\/uploads\/2021\/02\/logo-bis-ver-facebook-1.png","type":"image\/png"}],"twitter_card":"summary_large_image","twitter_misc":{"Tiempo de lectura":"2 minutos"},"schema":{"@context":"https:\/\/schema.org","@graph":[{"@type":"WebPage","@id":"https:\/\/www.info-sociale.ch\/es\/presentation\/","url":"https:\/\/www.info-sociale.ch\/es\/presentation\/","name":"Presentaci\u00f3n - BIS","isPartOf":{"@id":"https:\/\/www.info-sociale.ch\/#website"},"datePublished":"2021-01-26T11:17:30+00:00","dateModified":"2023-12-22T07:55:22+00:00","breadcrumb":{"@id":"https:\/\/www.info-sociale.ch\/es\/presentation\/#breadcrumb"},"inLanguage":"es","potentialAction":[{"@type":"ReadAction","target":["https:\/\/www.info-sociale.ch\/es\/presentation\/"]}]},{"@type":"BreadcrumbList","@id":"https:\/\/www.info-sociale.ch\/es\/presentation\/#breadcrumb","itemListElement":[{"@type":"ListItem","position":1,"name":"Home","item":"https:\/\/www.info-sociale.ch\/es\/"},{"@type":"ListItem","position":2,"name":"Presentaci\u00f3n"}]},{"@type":"WebSite","@id":"https:\/\/www.info-sociale.ch\/#website","url":"https:\/\/www.info-sociale.ch\/","name":"BIS","description":"Bureau d&#039;information sociale","publisher":{"@id":"https:\/\/www.info-sociale.ch\/#organization"},"potentialAction":[{"@type":"SearchAction","target":{"@type":"EntryPoint","urlTemplate":"https:\/\/www.info-sociale.ch\/?s={search_term_string}"},"query-input":{"@type":"PropertyValueSpecification","valueRequired":true,"valueName":"search_term_string"}}],"inLanguage":"es"},{"@type":"Organization","@id":"https:\/\/www.info-sociale.ch\/#organization","name":"BIS","url":"https:\/\/www.info-sociale.ch\/","logo":{"@type":"ImageObject","inLanguage":"es","@id":"https:\/\/www.info-sociale.ch\/#\/schema\/logo\/image\/","url":"https:\/\/www.info-sociale.ch\/wp-content\/uploads\/2021\/01\/logo-bis-ver-1.svg","contentUrl":"https:\/\/www.info-sociale.ch\/wp-content\/uploads\/2021\/01\/logo-bis-ver-1.svg","caption":"BIS"},"image":{"@id":"https:\/\/www.info-sociale.ch\/#\/schema\/logo\/image\/"}}]}},"_links":{"self":[{"href":"https:\/\/www.info-sociale.ch\/es\/wp-json\/wp\/v2\/pages\/642","targetHints":{"allow":["GET"]}}],"collection":[{"href":"https:\/\/www.info-sociale.ch\/es\/wp-json\/wp\/v2\/pages"}],"about":[{"href":"https:\/\/www.info-sociale.ch\/es\/wp-json\/wp\/v2\/types\/page"}],"author":[{"embeddable":true,"href":"https:\/\/www.info-sociale.ch\/es\/wp-json\/wp\/v2\/users\/1"}],"replies":[{"embeddable":true,"href":"https:\/\/www.info-sociale.ch\/es\/wp-json\/wp\/v2\/comments?post=642"}],"version-history":[{"count":20,"href":"https:\/\/www.info-sociale.ch\/es\/wp-json\/wp\/v2\/pages\/642\/revisions"}],"predecessor-version":[{"id":2889,"href":"https:\/\/www.info-sociale.ch\/es\/wp-json\/wp\/v2\/pages\/642\/revisions\/2889"}],"wp:attachment":[{"href":"https:\/\/www.info-sociale.ch\/es\/wp-json\/wp\/v2\/media?parent=642"}],"curies":[{"name":"wp","href":"https:\/\/api.w.org\/{rel}","templated":true}]}}