{"id":629,"date":"2020-08-15T17:48:42","date_gmt":"2020-08-15T15:48:42","guid":{"rendered":"https:\/\/www.info-sociale.ch\/homepage\/"},"modified":"2026-03-26T09:21:41","modified_gmt":"2026-03-26T08:21:41","slug":"bureau-dinformation-sociale","status":"publish","type":"page","link":"https:\/\/www.info-sociale.ch\/es\/","title":{"rendered":"Inicio"},"content":{"rendered":"\n<div class=\"wp-block-columns are-vertically-aligned-top home-title-block is-layout-flex wp-container-core-columns-is-layout-9d6595d7 wp-block-columns-is-layout-flex\">\n<div class=\"wp-block-column is-vertically-aligned-top is-layout-flow wp-block-column-is-layout-flow\" style=\"flex-basis:35%\">\n<figure class=\"wp-block-image size-large\"><img decoding=\"async\" src=\"https:\/\/www.info-sociale.ch\/wp-content\/uploads\/2021\/01\/logo-bis-ver-1.svg\" alt=\"\" class=\"wp-image-705\"\/><\/figure>\n\n\n\n<div style=\"height:30px\" aria-hidden=\"true\" class=\"wp-block-spacer\"><\/div>\n\n\n\n<div class=\"wp-block-columns are-vertically-aligned-center logos-block is-layout-flex wp-container-core-columns-is-layout-9d6595d7 wp-block-columns-is-layout-flex\">\n<div class=\"wp-block-column is-vertically-aligned-center is-layout-flow wp-block-column-is-layout-flow\"><\/div>\n\n\n\n<div class=\"wp-block-column is-vertically-aligned-center is-layout-flow wp-block-column-is-layout-flow\"><\/div>\n\n\n\n<div class=\"wp-block-column is-vertically-aligned-center is-layout-flow wp-block-column-is-layout-flow\"><\/div>\n\n\n\n<div class=\"wp-block-column is-layout-flow wp-block-column-is-layout-flow\"><\/div>\n<\/div>\n<\/div>\n\n\n\n<div class=\"wp-block-column is-vertically-aligned-top is-layout-flow wp-block-column-is-layout-flow\">\n<h1 class=\"wp-block-heading\"><strong><strong>\u00bfEst\u00e1 atravesando una situaci\u00f3n dif\u00edcil?<\/strong><\/strong><\/h1>\n\n\n\n<h3 class=\"wp-block-heading\"><strong><strong>La Oficina de informaci\u00f3n social (BIS) le ayudar\u00e1 a encontrar soluciones manteniendo la m\u00e1s estricta confidencialidad.<\/strong><\/strong><\/h3>\n\n\n\n<p>Si visita nuestra oficina, tendr\u00e1 a su disposici\u00f3n a profesionales que le informar\u00e1n y le remitir\u00e1n a los organismos competentes.<br>Asimismo, la BIS publica en esta p\u00e1gina informaci\u00f3n de utilidad relacionada con los temas que le preocupan.<\/p>\n\n\n\n<div class=\"wp-block-cover is-light home-block-lieu animated fadeIn delay-500ms\" style=\"min-height:20px;aspect-ratio:unset;\"><span aria-hidden=\"true\" class=\"wp-block-cover__background has-background-dim-100 has-background-dim\" style=\"background-color:#74b76c\"><\/span><div class=\"wp-block-cover__inner-container is-layout-flow wp-block-cover-is-layout-flow\">\n<div class=\"wp-block-columns is-layout-flex wp-container-core-columns-is-layout-9d6595d7 wp-block-columns-is-layout-flex\">\n<div class=\"wp-block-column is-layout-flow wp-block-column-is-layout-flow\" style=\"flex-basis:50%\">\n<p><strong>El BIS abre en la siguiente direcci\u00f3n a partir del<\/strong><\/p>\n\n\n\n<p class=\"has-white-color has-text-color has-large-font-size\"><strong><strong><strong>Martes de<\/strong><\/strong><\/strong><br><strong><strong><strong>10:00 a 13:00<br><strong>Jueves de<\/strong><\/strong><\/strong><\/strong><br><strong><strong><strong><strong>15:00 a 18:00<\/strong><\/strong><\/strong><\/strong><\/p>\n\n\n\n<p><strong>Arcade BIS<br>Boulevard d\u2019Yvoy 3<br>1205 Gen\u00e8ve<\/strong><\/p>\n<\/div>\n\n\n\n<div class=\"wp-block-column is-vertically-aligned-bottom is-layout-flow wp-block-column-is-layout-flow\" style=\"flex-basis:33.33%\">\n<p class=\"commentyaller has-white-color has-text-color\"><a href=\"https:\/\/www.info-sociale.ch\/wp-content\/uploads\/2026\/03\/2026_Planning_BIS_avril_juin.pdf\" target=\"_blank\" rel=\"noreferrer noopener\"><i class=\"fa fa-calendar\" aria-hidden=\"true\"><\/i>Presencia de servicios especializados<\/a><\/p>\n\n\n\n<p class=\"commentyaller has-white-color has-text-color\"><a href=\"https:\/\/www.info-sociale.ch\/es\/contact\/\">&nbsp;<i class=\"fa fa-map-o\" aria-hidden=\"true\"><\/i>&nbsp;  Como ir?<\/a><\/p>\n<\/div>\n<\/div>\n<\/div><\/div>\n<\/div>\n<\/div>\n\n\n\n<p class=\"has-text-align-center animated heartBeat has-huge-font-size\"><a href=\"#banner-icones-achor\"><i class=\"fa fa-chevron-down\" aria-hidden=\"true\"><\/i><\/a><\/p>\n\n\n\n<div class=\"wp-block-cover is-light banner-icones\" style=\"min-height:1003px;aspect-ratio:unset;\" id=\"banner-icones-achor\"><span aria-hidden=\"true\" class=\"wp-block-cover__background has-white-background-color has-background-dim-100 has-background-dim\"><\/span><div class=\"wp-block-cover__inner-container is-layout-flow wp-block-cover-is-layout-flow\">\n<div style=\"height:20px\" aria-hidden=\"true\" class=\"wp-block-spacer\"><\/div>\n\n\n\n<div class=\"wp-block-columns are-vertically-aligned-center is-layout-flex wp-container-core-columns-is-layout-9d6595d7 wp-block-columns-is-layout-flex\">\n<div class=\"wp-block-column is-vertically-aligned-center is-layout-flow wp-block-column-is-layout-flow\">\n<p><\/p>\n<\/div>\n\n\n\n<div class=\"wp-block-column d-none d-lg-block is-layout-flow wp-block-column-is-layout-flow\"><\/div>\n\n\n\n<div class=\"wp-block-column is-vertically-aligned-center is-layout-flow wp-block-column-is-layout-flow\"><\/div>\n<\/div>\n\n\n\n<div style=\"height:20px\" aria-hidden=\"true\" class=\"wp-block-spacer\"><\/div>\n\n\n\n<div class=\"wp-block-columns is-layout-flex wp-container-core-columns-is-layout-9d6595d7 wp-block-columns-is-layout-flex\">\n<div class=\"wp-block-column is-layout-flow wp-block-column-is-layout-flow\"><\/div>\n\n\n\n<div class=\"wp-block-column is-layout-flow wp-block-column-is-layout-flow\"><\/div>\n\n\n\n<div class=\"wp-block-column is-layout-flow wp-block-column-is-layout-flow\"><\/div>\n\n\n\n<div class=\"wp-block-column is-layout-flow wp-block-column-is-layout-flow\"><\/div>\n\n\n\n<div class=\"wp-block-column is-layout-flow wp-block-column-is-layout-flow\"><\/div>\n<\/div>\n\n\n\n<p><\/p>\n<\/div><\/div>\n\n\n\n<p><\/p>\n","protected":false},"excerpt":{"rendered":"<p>\u00bfEst\u00e1 atravesando una situaci\u00f3n dif\u00edcil? La Oficina de informaci\u00f3n social (BIS) le ayudar\u00e1 a encontrar soluciones manteniendo la m\u00e1s estricta confidencialidad. Si visita nuestra oficina, tendr\u00e1 a su disposici\u00f3n a profesionales que le informar\u00e1n y le remitir\u00e1n a los organismos competentes.Asimismo, la BIS publica en esta p\u00e1gina informaci\u00f3n de utilidad relacionada con los temas que [&hellip;]<\/p>\n","protected":false},"author":1,"featured_media":0,"parent":0,"menu_order":0,"comment_status":"closed","ping_status":"closed","template":"","meta":{"_acf_changed":false,"inline_featured_image":false,"footnotes":""},"class_list":["post-629","page","type-page","status-publish","hentry"],"acf":[],"yoast_head":"<!-- This site is optimized with the Yoast SEO plugin v26.7 - https:\/\/yoast.com\/wordpress\/plugins\/seo\/ -->\n<title>BIS - Le Bureau d&#039;information sociale<\/title>\n<meta name=\"description\" content=\"Vous vous trouvez dans une situation difficile? Le Bureau d&#039;information sociale vous aide \u00e0 trouver des solutions en toute confidentialit\u00e9.\" \/>\n<meta name=\"robots\" content=\"index, follow, max-snippet:-1, max-image-preview:large, max-video-preview:-1\" \/>\n<link rel=\"canonical\" href=\"https:\/\/www.info-sociale.ch\/es\/\" \/>\n<meta property=\"og:locale\" content=\"es_ES\" \/>\n<meta property=\"og:type\" content=\"article\" \/>\n<meta property=\"og:title\" content=\"BIS - Le Bureau d&#039;information sociale\" \/>\n<meta property=\"og:description\" content=\"Vous vous trouvez dans une situation difficile? Le Bureau d&#039;information sociale vous aide \u00e0 trouver des solutions en toute confidentialit\u00e9.\" \/>\n<meta property=\"og:url\" content=\"https:\/\/www.info-sociale.ch\/es\/\" \/>\n<meta property=\"og:site_name\" content=\"BIS\" \/>\n<meta property=\"article:modified_time\" content=\"2026-03-26T08:21:41+00:00\" \/>\n<meta property=\"og:image\" content=\"https:\/\/www.info-sociale.ch\/wp-content\/uploads\/2021\/02\/logo-bis-ver-facebook-1.png\" \/>\n\t<meta property=\"og:image:width\" content=\"1779\" \/>\n\t<meta property=\"og:image:height\" content=\"869\" \/>\n\t<meta property=\"og:image:type\" content=\"image\/png\" \/>\n<meta name=\"twitter:card\" content=\"summary_large_image\" \/>\n<meta name=\"twitter:title\" content=\"BIS - Le Bureau d&#039;information sociale\" \/>\n<meta name=\"twitter:description\" content=\"Vous vous trouvez dans une situation difficile? Le Bureau d&#039;information sociale vous aide \u00e0 trouver des solutions en toute confidentialit\u00e9.\" \/>\n<meta name=\"twitter:image\" content=\"https:\/\/www.info-sociale.ch\/wp-content\/uploads\/2021\/02\/logo-bis-ver-facebook-1.png\" \/>\n<meta name=\"twitter:label1\" content=\"Tiempo de lectura\" \/>\n\t<meta name=\"twitter:data1\" content=\"1 minuto\" \/>\n<script type=\"application\/ld+json\" class=\"yoast-schema-graph\">{\"@context\":\"https:\/\/schema.org\",\"@graph\":[{\"@type\":\"WebPage\",\"@id\":\"https:\/\/www.info-sociale.ch\/es\/\",\"url\":\"https:\/\/www.info-sociale.ch\/es\/\",\"name\":\"BIS - Le Bureau d'information sociale\",\"isPartOf\":{\"@id\":\"https:\/\/www.info-sociale.ch\/#website\"},\"primaryImageOfPage\":{\"@id\":\"https:\/\/www.info-sociale.ch\/es\/#primaryimage\"},\"image\":{\"@id\":\"https:\/\/www.info-sociale.ch\/es\/#primaryimage\"},\"thumbnailUrl\":\"https:\/\/www.info-sociale.ch\/wp-content\/uploads\/2021\/01\/logo-bis-ver-1.svg\",\"datePublished\":\"2020-08-15T15:48:42+00:00\",\"dateModified\":\"2026-03-26T08:21:41+00:00\",\"description\":\"Vous vous trouvez dans une situation difficile? Le Bureau d'information sociale vous aide \u00e0 trouver des solutions en toute confidentialit\u00e9.\",\"breadcrumb\":{\"@id\":\"https:\/\/www.info-sociale.ch\/es\/#breadcrumb\"},\"inLanguage\":\"es\",\"potentialAction\":[{\"@type\":\"ReadAction\",\"target\":[\"https:\/\/www.info-sociale.ch\/es\/\"]}]},{\"@type\":\"ImageObject\",\"inLanguage\":\"es\",\"@id\":\"https:\/\/www.info-sociale.ch\/es\/#primaryimage\",\"url\":\"https:\/\/www.info-sociale.ch\/wp-content\/uploads\/2021\/01\/logo-bis-ver-1.svg\",\"contentUrl\":\"https:\/\/www.info-sociale.ch\/wp-content\/uploads\/2021\/01\/logo-bis-ver-1.svg\"},{\"@type\":\"BreadcrumbList\",\"@id\":\"https:\/\/www.info-sociale.ch\/es\/#breadcrumb\",\"itemListElement\":[{\"@type\":\"ListItem\",\"position\":1,\"name\":\"Home\",\"item\":\"https:\/\/www.info-sociale.ch\/es\/\"},{\"@type\":\"ListItem\",\"position\":2,\"name\":\"Inicio\"}]},{\"@type\":\"WebSite\",\"@id\":\"https:\/\/www.info-sociale.ch\/#website\",\"url\":\"https:\/\/www.info-sociale.ch\/\",\"name\":\"BIS\",\"description\":\"Bureau d&#039;information sociale\",\"publisher\":{\"@id\":\"https:\/\/www.info-sociale.ch\/#organization\"},\"potentialAction\":[{\"@type\":\"SearchAction\",\"target\":{\"@type\":\"EntryPoint\",\"urlTemplate\":\"https:\/\/www.info-sociale.ch\/?s={search_term_string}\"},\"query-input\":{\"@type\":\"PropertyValueSpecification\",\"valueRequired\":true,\"valueName\":\"search_term_string\"}}],\"inLanguage\":\"es\"},{\"@type\":\"Organization\",\"@id\":\"https:\/\/www.info-sociale.ch\/#organization\",\"name\":\"BIS\",\"url\":\"https:\/\/www.info-sociale.ch\/\",\"logo\":{\"@type\":\"ImageObject\",\"inLanguage\":\"es\",\"@id\":\"https:\/\/www.info-sociale.ch\/#\/schema\/logo\/image\/\",\"url\":\"https:\/\/www.info-sociale.ch\/wp-content\/uploads\/2021\/01\/logo-bis-ver-1.svg\",\"contentUrl\":\"https:\/\/www.info-sociale.ch\/wp-content\/uploads\/2021\/01\/logo-bis-ver-1.svg\",\"caption\":\"BIS\"},\"image\":{\"@id\":\"https:\/\/www.info-sociale.ch\/#\/schema\/logo\/image\/\"}}]}<\/script>\n<!-- \/ Yoast SEO plugin. -->","yoast_head_json":{"title":"BIS - Le Bureau d'information sociale","description":"Vous vous trouvez dans une situation difficile? Le Bureau d'information sociale vous aide \u00e0 trouver des solutions en toute confidentialit\u00e9.","robots":{"index":"index","follow":"follow","max-snippet":"max-snippet:-1","max-image-preview":"max-image-preview:large","max-video-preview":"max-video-preview:-1"},"canonical":"https:\/\/www.info-sociale.ch\/es\/","og_locale":"es_ES","og_type":"article","og_title":"BIS - Le Bureau d'information sociale","og_description":"Vous vous trouvez dans une situation difficile? Le Bureau d'information sociale vous aide \u00e0 trouver des solutions en toute confidentialit\u00e9.","og_url":"https:\/\/www.info-sociale.ch\/es\/","og_site_name":"BIS","article_modified_time":"2026-03-26T08:21:41+00:00","og_image":[{"width":1779,"height":869,"url":"https:\/\/www.info-sociale.ch\/wp-content\/uploads\/2021\/02\/logo-bis-ver-facebook-1.png","type":"image\/png"}],"twitter_card":"summary_large_image","twitter_title":"BIS - Le Bureau d'information sociale","twitter_description":"Vous vous trouvez dans une situation difficile? Le Bureau d'information sociale vous aide \u00e0 trouver des solutions en toute confidentialit\u00e9.","twitter_image":"https:\/\/www.info-sociale.ch\/wp-content\/uploads\/2021\/02\/logo-bis-ver-facebook-1.png","twitter_misc":{"Tiempo de lectura":"1 minuto"},"schema":{"@context":"https:\/\/schema.org","@graph":[{"@type":"WebPage","@id":"https:\/\/www.info-sociale.ch\/es\/","url":"https:\/\/www.info-sociale.ch\/es\/","name":"BIS - Le Bureau d'information sociale","isPartOf":{"@id":"https:\/\/www.info-sociale.ch\/#website"},"primaryImageOfPage":{"@id":"https:\/\/www.info-sociale.ch\/es\/#primaryimage"},"image":{"@id":"https:\/\/www.info-sociale.ch\/es\/#primaryimage"},"thumbnailUrl":"https:\/\/www.info-sociale.ch\/wp-content\/uploads\/2021\/01\/logo-bis-ver-1.svg","datePublished":"2020-08-15T15:48:42+00:00","dateModified":"2026-03-26T08:21:41+00:00","description":"Vous vous trouvez dans une situation difficile? Le Bureau d'information sociale vous aide \u00e0 trouver des solutions en toute confidentialit\u00e9.","breadcrumb":{"@id":"https:\/\/www.info-sociale.ch\/es\/#breadcrumb"},"inLanguage":"es","potentialAction":[{"@type":"ReadAction","target":["https:\/\/www.info-sociale.ch\/es\/"]}]},{"@type":"ImageObject","inLanguage":"es","@id":"https:\/\/www.info-sociale.ch\/es\/#primaryimage","url":"https:\/\/www.info-sociale.ch\/wp-content\/uploads\/2021\/01\/logo-bis-ver-1.svg","contentUrl":"https:\/\/www.info-sociale.ch\/wp-content\/uploads\/2021\/01\/logo-bis-ver-1.svg"},{"@type":"BreadcrumbList","@id":"https:\/\/www.info-sociale.ch\/es\/#breadcrumb","itemListElement":[{"@type":"ListItem","position":1,"name":"Home","item":"https:\/\/www.info-sociale.ch\/es\/"},{"@type":"ListItem","position":2,"name":"Inicio"}]},{"@type":"WebSite","@id":"https:\/\/www.info-sociale.ch\/#website","url":"https:\/\/www.info-sociale.ch\/","name":"BIS","description":"Bureau d&#039;information sociale","publisher":{"@id":"https:\/\/www.info-sociale.ch\/#organization"},"potentialAction":[{"@type":"SearchAction","target":{"@type":"EntryPoint","urlTemplate":"https:\/\/www.info-sociale.ch\/?s={search_term_string}"},"query-input":{"@type":"PropertyValueSpecification","valueRequired":true,"valueName":"search_term_string"}}],"inLanguage":"es"},{"@type":"Organization","@id":"https:\/\/www.info-sociale.ch\/#organization","name":"BIS","url":"https:\/\/www.info-sociale.ch\/","logo":{"@type":"ImageObject","inLanguage":"es","@id":"https:\/\/www.info-sociale.ch\/#\/schema\/logo\/image\/","url":"https:\/\/www.info-sociale.ch\/wp-content\/uploads\/2021\/01\/logo-bis-ver-1.svg","contentUrl":"https:\/\/www.info-sociale.ch\/wp-content\/uploads\/2021\/01\/logo-bis-ver-1.svg","caption":"BIS"},"image":{"@id":"https:\/\/www.info-sociale.ch\/#\/schema\/logo\/image\/"}}]}},"_links":{"self":[{"href":"https:\/\/www.info-sociale.ch\/es\/wp-json\/wp\/v2\/pages\/629","targetHints":{"allow":["GET"]}}],"collection":[{"href":"https:\/\/www.info-sociale.ch\/es\/wp-json\/wp\/v2\/pages"}],"about":[{"href":"https:\/\/www.info-sociale.ch\/es\/wp-json\/wp\/v2\/types\/page"}],"author":[{"embeddable":true,"href":"https:\/\/www.info-sociale.ch\/es\/wp-json\/wp\/v2\/users\/1"}],"replies":[{"embeddable":true,"href":"https:\/\/www.info-sociale.ch\/es\/wp-json\/wp\/v2\/comments?post=629"}],"version-history":[{"count":54,"href":"https:\/\/www.info-sociale.ch\/es\/wp-json\/wp\/v2\/pages\/629\/revisions"}],"predecessor-version":[{"id":3456,"href":"https:\/\/www.info-sociale.ch\/es\/wp-json\/wp\/v2\/pages\/629\/revisions\/3456"}],"wp:attachment":[{"href":"https:\/\/www.info-sociale.ch\/es\/wp-json\/wp\/v2\/media?parent=629"}],"curies":[{"name":"wp","href":"https:\/\/api.w.org\/{rel}","templated":true}]}}