{"id":655,"date":"2021-01-26T16:02:14","date_gmt":"2021-01-26T15:02:14","guid":{"rendered":"https:\/\/www.info-sociale.ch\/problemes-de-sante\/"},"modified":"2023-08-25T12:06:41","modified_gmt":"2023-08-25T10:06:41","slug":"acces-aux-soins-medicaux","status":"publish","type":"page","link":"https:\/\/www.info-sociale.ch\/en\/acces-aux-soins-medicaux\/","title":{"rendered":"Access to healthcare"},"content":{"rendered":"\n<h2 class=\"wp-block-heading\"><strong><strong>Community Care Mobile Clinic Consultation (CAMSCO)<\/strong><\/strong><\/h2>\n\n\n\n<div class=\"wp-block-columns is-layout-flex wp-container-core-columns-is-layout-9d6595d7 wp-block-columns-is-layout-flex\">\n<div class=\"wp-block-column is-layout-flow wp-block-column-is-layout-flow\">\n<h5 class=\"wp-block-heading\"><strong>CAMSCO provides access to preventive and curative care and rehabilitation in Geneva University Hospitals (HUG) for the target population groups, and contributes to public health interventions.<\/strong><\/h5>\n\n\n\n<p><\/p>\n\n\n\n<p><strong>Eligibility requirements :<\/strong><br>available to anyone in a precarious situation, whether Swiss or foreign. In particular, people using day and night reception centres within the vulnerable persons\u2019 support network in Geneva, homeless persons, those without health insurance or legal status.<\/p>\n<\/div>\n\n\n\n<div class=\"wp-block-column col-infos is-layout-flow wp-block-column-is-layout-flow\" style=\"flex-basis:33.33%\">\n<p><strong><strong>Practical information :<\/strong><\/strong><\/p>\n\n\n\n<p>4 rue Hugo-de-Senger<br>1205 Geneva<br>Telephone : <a href=\"tel:0223725311\">022&nbsp;372 53 11<\/a>, Monday-Friday from 8:30 am to 11:30 am and from 2:00-4:30 pm<\/p>\n\n\n\n<p>Consultations by appointment (tel. <a href=\"tel:0223725500\">022 372 55 00<\/a>), except for emergency contraception requests.<\/p>\n\n\n\n<p>Semi-urgent consultations with doctors and nurses take place at the clinic, <a href=\"https:\/\/www.hug.ch\/medecine-premier-recours\/consultation-camsco-rdv-en-ligne\" target=\"_blank\" rel=\"noreferrer noopener\">by appointment<\/a>, on Mondays, Tuesdays, Thursdays and Fridays from 9:40 am to 12:00 noon and on Wednesdays from 2:30 pm to 4:40 pm.<\/p>\n\n\n\n<p class=\"external-link\">Consultations without an appointment can be offered to a limited number of people on Mondays, Tuesdays, Thursdays and Fridays from 8:30 am to 11:00 am and on Wednesdays from 1:30 pm to 4:00 pm.<\/p>\n\n\n\n<p class=\"external-link has-white-color has-text-color\">To find out more, see : <a href=\"https:\/\/www.hug.ch\/medecine-premier-recours\/camsco\" target=\"_blank\" rel=\"noreferrer noopener\">CAMSCO website<\/a><\/p>\n<\/div>\n<\/div>\n\n\n\n<div style=\"height:50px\" aria-hidden=\"true\" class=\"wp-block-spacer\"><\/div>\n\n\n\n<div class=\"wp-block-cover alignfull is-light\"><span aria-hidden=\"true\" class=\"wp-block-cover__background has-background-dim-100 has-background-dim\" style=\"background-color:#e3eff2\"><\/span><div class=\"wp-block-cover__inner-container is-layout-flow wp-block-cover-is-layout-flow\">\n<div style=\"height:50px\" aria-hidden=\"true\" class=\"wp-block-spacer\"><\/div>\n\n\n\n<h2 class=\"wp-block-heading has-text-color\" style=\"color:#009fc2\"><strong><strong>Sexual Health and Family Planning Unit (USSPF)<\/strong><\/strong><\/h2>\n\n\n\n<div class=\"wp-block-columns is-layout-flex wp-container-core-columns-is-layout-9d6595d7 wp-block-columns-is-layout-flex\">\n<div class=\"wp-block-column is-layout-flow wp-block-column-is-layout-flow\">\n<h5 class=\"wp-block-heading has-black-color has-text-color\"><strong>This unit deals with sexual health issues (sexuality, sexual orientation, relationship difficulties, pregnancy, termination of pregnancy, sexually transmitted infections, etc.) and offers support in the event of difficulties in accessing contraception. It also offers support for unplanned pregnancies.<\/strong><\/h5>\n\n\n\n<p class=\"has-black-color has-text-color\">Consultations, which are by appointment, are free of charge and confidential. They can be provided in several languages (Spanish, English, Portuguese) with an interpreter present if needed.<\/p>\n\n\n\n<p><\/p>\n\n\n\n<p class=\"has-black-color has-text-color\"><strong>Available to :<br><\/strong>Anyone regardless of sex, age, culture, religion and sexual orientation.<\/p>\n<\/div>\n\n\n\n<div class=\"wp-block-column col-infos is-layout-flow wp-block-column-is-layout-flow\" style=\"flex-basis:33.33%\">\n<p><strong>Practical information :<\/strong><\/p>\n\n\n\n<p>Boulevard de la Cluse 47<br>1205 Geneva<br>Telephone : <a href=\"tel:0223725500\">022&nbsp;372 55 00<\/a><br><\/p>\n\n\n\n<p>On Mondays, Wednesdays, Thursdays and Fridays: 10:00 am &#8211; 5:30 pm<br>On Tuesdays: 1:00 pm &#8211; 5:30 pm<\/p>\n\n\n\n<p class=\"external-link\">To find out more, see : <a href=\"https:\/\/www.hug.ch\/sante-sexuelle-planning-familial\" target=\"_blank\" rel=\"noreferrer noopener\">the Sexual Health and Family Planning Unit website<\/a><\/p>\n<\/div>\n<\/div>\n\n\n\n<div style=\"height:50px\" aria-hidden=\"true\" class=\"wp-block-spacer\"><\/div>\n<\/div><\/div>\n\n\n\n<div style=\"height:50px\" aria-hidden=\"true\" class=\"wp-block-spacer\"><\/div>\n\n\n\n<h2 class=\"wp-block-heading has-text-color\" style=\"color:#009fc2\"><strong>Unit\u00e9 interdisciplinaire de m\u00e9decine et pr\u00e9vention de la violence (UIMPV)<\/strong><\/h2>\n\n\n\n<div class=\"wp-block-columns is-layout-flex wp-container-core-columns-is-layout-9d6595d7 wp-block-columns-is-layout-flex\">\n<div class=\"wp-block-column is-layout-flow wp-block-column-is-layout-flow\">\n<h5 class=\"wp-block-heading\"><strong>The UIMPV provides assistance in complete confidence when directly asked to do so by people facing violence: domestic, street, workplace or institutional violence. It also deals with cases of trafficking, discrimination, persecution, etc.<\/strong><\/h5>\n\n\n\n<p><\/p>\n\n\n\n<p><strong>Available to :<\/strong><br>Anyone aged 16 or over who is facing a situation of present or past deliberate violence, regardless of their role, the nature of the violence, the context, the location, or their status or language (an interpreter service is available).<\/p>\n<\/div>\n\n\n\n<div class=\"wp-block-column col-infos is-layout-flow wp-block-column-is-layout-flow\" style=\"flex-basis:33.33%\">\n<p><strong><strong><strong>Practical information :<\/strong><\/strong><\/strong><\/p>\n\n\n\n<p>Boulevard de la Cluse 75<br>2<sup>nd<\/sup> floor, <br>1205 Geneva<br>022&nbsp;372 96 41, Monday-Friday from 9:00 am to 12 noon and from 2:00 pm to 5:00 pm<br><a href=\"mailto:uimpv.violences@hcuge.ch\">uimpv.violences@hcuge.ch<\/a><\/p>\n\n\n\n<p class=\"external-link\">To find out more, see : <a href=\"http:\/\/hug.plus\/uimpv\" target=\"_blank\" rel=\"noreferrer noopener\">UIMPV website<\/a><\/p>\n<\/div>\n<\/div>\n\n\n\n<div style=\"height:50px\" aria-hidden=\"true\" class=\"wp-block-spacer\"><\/div>\n\n\n\n<div class=\"wp-block-cover alignfull is-light\"><span aria-hidden=\"true\" class=\"wp-block-cover__background has-background-dim-100 has-background-dim\" style=\"background-color:#e3eff2\"><\/span><div class=\"wp-block-cover__inner-container is-layout-flow wp-block-cover-is-layout-flow\">\n<div style=\"height:50px\" aria-hidden=\"true\" class=\"wp-block-spacer\"><\/div>\n\n\n\n<h2 class=\"wp-block-heading has-text-color\" style=\"color:#009fc2\"><strong><strong><strong><strong><strong>Le Point d\u2019Eau<\/strong><\/strong><\/strong><\/strong><\/strong><\/h2>\n\n\n\n<div class=\"wp-block-columns is-layout-flex wp-container-core-columns-is-layout-9d6595d7 wp-block-columns-is-layout-flex\">\n<div class=\"wp-block-column is-layout-flow wp-block-column-is-layout-flow\">\n<h5 class=\"wp-block-heading has-black-color has-text-color\"><strong>Le Point d\u2019Eau (Carrefour-Rue) enables people in social difficulty to look after their health (dentist, chiropodist), personal hygiene (showering, shaving, hair) and clothes (changing room, laundry room with washing powder available).<\/strong><\/h5>\n\n\n\n<p class=\"has-black-color has-text-color\"><\/p>\n\n\n\n<p class=\"has-black-color has-text-color\"><strong>Available to :<\/strong><br>No criteria. For information and appointments, just walk in.<\/p>\n<\/div>\n\n\n\n<div class=\"wp-block-column col-infos is-layout-flow wp-block-column-is-layout-flow\" style=\"flex-basis:33.33%\">\n<p><strong>Practical information :<\/strong><\/p>\n\n\n\n<p>21, Rue Vermont<br>1202 Geneva<br>Telephone : <a href=\"tel:022&nbsp;734 67 60\">022&nbsp;734 67 60<\/a><\/p>\n\n\n\n<p>Open Monday to Friday from 8:30 am to 11:30 am and from 1:30 pm to 4:00 pm.<\/p>\n\n\n\n<p>To find out more, see : <a href=\"https:\/\/carrefour-rue.ch\/\" target=\"_blank\" rel=\"noreferrer noopener\"><a href=\"https:\/\/carrefour-rue.ch\/\">Carrefour-Rue website<\/a><\/a><\/p>\n<\/div>\n<\/div>\n\n\n\n<div style=\"height:50px\" aria-hidden=\"true\" class=\"wp-block-spacer\"><\/div>\n<\/div><\/div>\n\n\n\n<div style=\"height:50px\" aria-hidden=\"true\" class=\"wp-block-spacer\"><\/div>\n\n\n\n<h2 class=\"wp-block-heading has-text-color\" style=\"color:#009fc2\"><strong><strong>Groupe sant\u00e9 Gen\u00e8ve<\/strong><\/strong><\/h2>\n\n\n\n<div class=\"wp-block-columns is-layout-flex wp-container-core-columns-is-layout-9d6595d7 wp-block-columns-is-layout-flex\">\n<div class=\"wp-block-column is-layout-flow wp-block-column-is-layout-flow\" style=\"flex-basis:66.66%\">\n<h5 class=\"wp-block-heading\"><strong>Groupe sant\u00e9 Gen\u00e8ve offers HIV and STI prevention advice, testing and medical or mental health consultations for people in a vulnerable and\/or insecure situation. If a person has difficulty in accessing care, the social security-legal service can advise them.<\/strong><\/h5>\n\n\n\n<p><\/p>\n\n\n\n<p><strong>Available to :<\/strong><br>Anyone who finds it difficult to access healthcare or prefers to seek help from a community organisation.<\/p>\n<\/div>\n\n\n\n<div class=\"wp-block-column col-infos is-layout-flow wp-block-column-is-layout-flow\" style=\"flex-basis:33.33%\">\n<p><strong><strong><strong><strong>Practical information :<\/strong><\/strong><\/strong><\/strong><\/p>\n\n\n\n<p>9, rue du Grand-Pr\u00e9, 1st floor<br>1202 Geneva<br>Telephone : <a href=\"tel:022 700 15 00\">022 700 15 00<\/a><\/p>\n\n\n\n<p>HIV\/AIDS information line : <a href=\"tel:0840 715 715\">0840 715 715<\/a>, Monday-Thursday from 9 am to 4 pm.<\/p>\n\n\n\n<p>To find out more, see : <a href=\"https:\/\/groupesantegeneve.ch\/\" target=\"_blank\" rel=\"noreferrer noopener\"><a href=\"https:\/\/groupesantegeneve.ch\/\">Groupe sant\u00e9 Gen\u00e8ve website<\/a><\/a><\/p>\n<\/div>\n<\/div>\n\n\n\n<div style=\"height:50px\" aria-hidden=\"true\" class=\"wp-block-spacer\"><\/div>\n\n\n\n<div class=\"wp-block-cover alignfull is-light\"><span aria-hidden=\"true\" class=\"wp-block-cover__background has-background-dim-100 has-background-dim\" style=\"background-color:#e3eff2\"><\/span><div class=\"wp-block-cover__inner-container is-layout-flow wp-block-cover-is-layout-flow\">\n<div style=\"height:50px\" aria-hidden=\"true\" class=\"wp-block-spacer\"><\/div>\n\n\n\n<h2 class=\"wp-block-heading has-text-color\" style=\"color:#009fc2\"><strong><strong><strong><strong><strong><strong>La Main Tendu<\/strong><\/strong><\/strong><\/strong><\/strong><\/strong><\/h2>\n\n\n\n<div class=\"wp-block-columns is-layout-flex wp-container-core-columns-is-layout-9d6595d7 wp-block-columns-is-layout-flex\">\n<div class=\"wp-block-column is-layout-flow wp-block-column-is-layout-flow\">\n<h5 class=\"wp-block-heading has-black-color has-text-color\"><strong>Telephone, Internet and chat assistance service.&nbsp;La Main Tendue is available 24 hours a day to talk to people who need help and support. A chat can help people by preventing long-term difficulties, lifting them out of isolation, enabling them to find personal resources or signposting them to specialist services.<\/strong><\/h5>\n\n\n\n<p><\/p>\n\n\n\n<p class=\"has-black-color has-text-color\"><strong>Available to :<\/strong><br>Anyone who needs help or support. Anonymous assistance at any time.<\/p>\n<\/div>\n\n\n\n<div class=\"wp-block-column col-infos is-layout-flow wp-block-column-is-layout-flow\" style=\"flex-basis:33.33%\">\n<p><strong>Practical information :<\/strong><\/p>\n\n\n\n<p>Emergency number : 143<\/p>\n\n\n\n<p>To find out more, see : <a href=\"https:\/\/geneve.143.ch\/\">La Main Tendue website<\/a> <\/p>\n<\/div>\n<\/div>\n\n\n\n<div style=\"height:50px\" aria-hidden=\"true\" class=\"wp-block-spacer\"><\/div>\n<\/div><\/div>\n","protected":false},"excerpt":{"rendered":"<p>Community Care Mobile Clinic Consultation (CAMSCO) CAMSCO provides access to preventive and curative care and rehabilitation in Geneva University Hospitals (HUG) for the target population groups, and contributes to public health interventions. Eligibility requirements :available to anyone in a precarious situation, whether Swiss or foreign. In particular, people using day and night reception centres within [&hellip;]<\/p>\n","protected":false},"author":1,"featured_media":0,"parent":0,"menu_order":0,"comment_status":"closed","ping_status":"closed","template":"","meta":{"_acf_changed":false,"inline_featured_image":false,"footnotes":""},"class_list":["post-655","page","type-page","status-publish","hentry"],"acf":[],"yoast_head":"<!-- This site is optimized with the Yoast SEO plugin v26.7 - https:\/\/yoast.com\/wordpress\/plugins\/seo\/ -->\n<title>Access to healthcare - BIS<\/title>\n<meta name=\"robots\" content=\"index, follow, max-snippet:-1, max-image-preview:large, max-video-preview:-1\" \/>\n<link rel=\"canonical\" href=\"https:\/\/www.info-sociale.ch\/en\/acces-aux-soins-medicaux\/\" \/>\n<meta property=\"og:locale\" content=\"en_US\" \/>\n<meta property=\"og:type\" content=\"article\" \/>\n<meta property=\"og:title\" content=\"Access to healthcare - BIS\" \/>\n<meta property=\"og:description\" content=\"Community Care Mobile Clinic Consultation (CAMSCO) CAMSCO provides access to preventive and curative care and rehabilitation in Geneva University Hospitals (HUG) for the target population groups, and contributes to public health interventions. Eligibility requirements :available to anyone in a precarious situation, whether Swiss or foreign. In particular, people using day and night reception centres within [&hellip;]\" \/>\n<meta property=\"og:url\" content=\"https:\/\/www.info-sociale.ch\/en\/acces-aux-soins-medicaux\/\" \/>\n<meta property=\"og:site_name\" content=\"BIS\" \/>\n<meta property=\"article:modified_time\" content=\"2023-08-25T10:06:41+00:00\" \/>\n<meta property=\"og:image\" content=\"https:\/\/www.info-sociale.ch\/wp-content\/uploads\/2021\/02\/logo-bis-ver-facebook-1.png\" \/>\n\t<meta property=\"og:image:width\" content=\"1779\" \/>\n\t<meta property=\"og:image:height\" content=\"869\" \/>\n\t<meta property=\"og:image:type\" content=\"image\/png\" \/>\n<meta name=\"twitter:card\" content=\"summary_large_image\" \/>\n<meta name=\"twitter:label1\" content=\"Est. reading time\" \/>\n\t<meta name=\"twitter:data1\" content=\"4 minutes\" \/>\n<script type=\"application\/ld+json\" class=\"yoast-schema-graph\">{\"@context\":\"https:\/\/schema.org\",\"@graph\":[{\"@type\":\"WebPage\",\"@id\":\"https:\/\/www.info-sociale.ch\/en\/acces-aux-soins-medicaux\/\",\"url\":\"https:\/\/www.info-sociale.ch\/en\/acces-aux-soins-medicaux\/\",\"name\":\"Access to healthcare - BIS\",\"isPartOf\":{\"@id\":\"https:\/\/www.info-sociale.ch\/#website\"},\"datePublished\":\"2021-01-26T15:02:14+00:00\",\"dateModified\":\"2023-08-25T10:06:41+00:00\",\"breadcrumb\":{\"@id\":\"https:\/\/www.info-sociale.ch\/en\/acces-aux-soins-medicaux\/#breadcrumb\"},\"inLanguage\":\"en-US\",\"potentialAction\":[{\"@type\":\"ReadAction\",\"target\":[\"https:\/\/www.info-sociale.ch\/en\/acces-aux-soins-medicaux\/\"]}]},{\"@type\":\"BreadcrumbList\",\"@id\":\"https:\/\/www.info-sociale.ch\/en\/acces-aux-soins-medicaux\/#breadcrumb\",\"itemListElement\":[{\"@type\":\"ListItem\",\"position\":1,\"name\":\"Home\",\"item\":\"https:\/\/www.info-sociale.ch\/en\/\"},{\"@type\":\"ListItem\",\"position\":2,\"name\":\"Access to healthcare\"}]},{\"@type\":\"WebSite\",\"@id\":\"https:\/\/www.info-sociale.ch\/#website\",\"url\":\"https:\/\/www.info-sociale.ch\/\",\"name\":\"BIS\",\"description\":\"Bureau d&#039;information sociale\",\"publisher\":{\"@id\":\"https:\/\/www.info-sociale.ch\/#organization\"},\"potentialAction\":[{\"@type\":\"SearchAction\",\"target\":{\"@type\":\"EntryPoint\",\"urlTemplate\":\"https:\/\/www.info-sociale.ch\/?s={search_term_string}\"},\"query-input\":{\"@type\":\"PropertyValueSpecification\",\"valueRequired\":true,\"valueName\":\"search_term_string\"}}],\"inLanguage\":\"en-US\"},{\"@type\":\"Organization\",\"@id\":\"https:\/\/www.info-sociale.ch\/#organization\",\"name\":\"BIS\",\"url\":\"https:\/\/www.info-sociale.ch\/\",\"logo\":{\"@type\":\"ImageObject\",\"inLanguage\":\"en-US\",\"@id\":\"https:\/\/www.info-sociale.ch\/#\/schema\/logo\/image\/\",\"url\":\"https:\/\/www.info-sociale.ch\/wp-content\/uploads\/2021\/01\/logo-bis-ver-1.svg\",\"contentUrl\":\"https:\/\/www.info-sociale.ch\/wp-content\/uploads\/2021\/01\/logo-bis-ver-1.svg\",\"caption\":\"BIS\"},\"image\":{\"@id\":\"https:\/\/www.info-sociale.ch\/#\/schema\/logo\/image\/\"}}]}<\/script>\n<!-- \/ Yoast SEO plugin. -->","yoast_head_json":{"title":"Access to healthcare - BIS","robots":{"index":"index","follow":"follow","max-snippet":"max-snippet:-1","max-image-preview":"max-image-preview:large","max-video-preview":"max-video-preview:-1"},"canonical":"https:\/\/www.info-sociale.ch\/en\/acces-aux-soins-medicaux\/","og_locale":"en_US","og_type":"article","og_title":"Access to healthcare - BIS","og_description":"Community Care Mobile Clinic Consultation (CAMSCO) CAMSCO provides access to preventive and curative care and rehabilitation in Geneva University Hospitals (HUG) for the target population groups, and contributes to public health interventions. Eligibility requirements :available to anyone in a precarious situation, whether Swiss or foreign. In particular, people using day and night reception centres within [&hellip;]","og_url":"https:\/\/www.info-sociale.ch\/en\/acces-aux-soins-medicaux\/","og_site_name":"BIS","article_modified_time":"2023-08-25T10:06:41+00:00","og_image":[{"width":1779,"height":869,"url":"https:\/\/www.info-sociale.ch\/wp-content\/uploads\/2021\/02\/logo-bis-ver-facebook-1.png","type":"image\/png"}],"twitter_card":"summary_large_image","twitter_misc":{"Est. reading time":"4 minutes"},"schema":{"@context":"https:\/\/schema.org","@graph":[{"@type":"WebPage","@id":"https:\/\/www.info-sociale.ch\/en\/acces-aux-soins-medicaux\/","url":"https:\/\/www.info-sociale.ch\/en\/acces-aux-soins-medicaux\/","name":"Access to healthcare - BIS","isPartOf":{"@id":"https:\/\/www.info-sociale.ch\/#website"},"datePublished":"2021-01-26T15:02:14+00:00","dateModified":"2023-08-25T10:06:41+00:00","breadcrumb":{"@id":"https:\/\/www.info-sociale.ch\/en\/acces-aux-soins-medicaux\/#breadcrumb"},"inLanguage":"en-US","potentialAction":[{"@type":"ReadAction","target":["https:\/\/www.info-sociale.ch\/en\/acces-aux-soins-medicaux\/"]}]},{"@type":"BreadcrumbList","@id":"https:\/\/www.info-sociale.ch\/en\/acces-aux-soins-medicaux\/#breadcrumb","itemListElement":[{"@type":"ListItem","position":1,"name":"Home","item":"https:\/\/www.info-sociale.ch\/en\/"},{"@type":"ListItem","position":2,"name":"Access to healthcare"}]},{"@type":"WebSite","@id":"https:\/\/www.info-sociale.ch\/#website","url":"https:\/\/www.info-sociale.ch\/","name":"BIS","description":"Bureau d&#039;information sociale","publisher":{"@id":"https:\/\/www.info-sociale.ch\/#organization"},"potentialAction":[{"@type":"SearchAction","target":{"@type":"EntryPoint","urlTemplate":"https:\/\/www.info-sociale.ch\/?s={search_term_string}"},"query-input":{"@type":"PropertyValueSpecification","valueRequired":true,"valueName":"search_term_string"}}],"inLanguage":"en-US"},{"@type":"Organization","@id":"https:\/\/www.info-sociale.ch\/#organization","name":"BIS","url":"https:\/\/www.info-sociale.ch\/","logo":{"@type":"ImageObject","inLanguage":"en-US","@id":"https:\/\/www.info-sociale.ch\/#\/schema\/logo\/image\/","url":"https:\/\/www.info-sociale.ch\/wp-content\/uploads\/2021\/01\/logo-bis-ver-1.svg","contentUrl":"https:\/\/www.info-sociale.ch\/wp-content\/uploads\/2021\/01\/logo-bis-ver-1.svg","caption":"BIS"},"image":{"@id":"https:\/\/www.info-sociale.ch\/#\/schema\/logo\/image\/"}}]}},"_links":{"self":[{"href":"https:\/\/www.info-sociale.ch\/en\/wp-json\/wp\/v2\/pages\/655","targetHints":{"allow":["GET"]}}],"collection":[{"href":"https:\/\/www.info-sociale.ch\/en\/wp-json\/wp\/v2\/pages"}],"about":[{"href":"https:\/\/www.info-sociale.ch\/en\/wp-json\/wp\/v2\/types\/page"}],"author":[{"embeddable":true,"href":"https:\/\/www.info-sociale.ch\/en\/wp-json\/wp\/v2\/users\/1"}],"replies":[{"embeddable":true,"href":"https:\/\/www.info-sociale.ch\/en\/wp-json\/wp\/v2\/comments?post=655"}],"version-history":[{"count":56,"href":"https:\/\/www.info-sociale.ch\/en\/wp-json\/wp\/v2\/pages\/655\/revisions"}],"predecessor-version":[{"id":2659,"href":"https:\/\/www.info-sociale.ch\/en\/wp-json\/wp\/v2\/pages\/655\/revisions\/2659"}],"wp:attachment":[{"href":"https:\/\/www.info-sociale.ch\/en\/wp-json\/wp\/v2\/media?parent=655"}],"curies":[{"name":"wp","href":"https:\/\/api.w.org\/{rel}","templated":true}]}}